{"id":9,"date":"2017-01-20T15:59:41","date_gmt":"2017-01-20T15:59:41","guid":{"rendered":"http:\/\/lochnersches-gartenhaus.de\/?page_id=9"},"modified":"2017-01-23T09:10:54","modified_gmt":"2017-01-23T09:10:54","slug":"impressum","status":"publish","type":"page","link":"http:\/\/lochnersches-gartenhaus.de\/?page_id=9","title":{"rendered":"Impressum"},"content":{"rendered":"<p><strong>Angaben gem\u00e4\u00df \u00a7 5 TMG:<\/strong><br \/>\nNeubert Consulting GmbH<br \/>\nTheatherstra\u00dfe 33<br \/>\n90762 F\u00fcrth<\/p>\n<p><strong>Kontakt:<\/strong><br \/>\nE-Mail: info[at]neubert-consulting.de<br \/>\nWeb: www.neubert-consulting.de<\/p>\n<p><strong>Verantwortlich f\u00fcr den Inhalt nach \u00a7 55 Abs. 2 RStV:<\/strong><br \/>\nNeubert Consulting GmbH<br \/>\nTheatherstra\u00dfe 33<br \/>\n90762 F\u00fcrth<\/p>\n","protected":false},"excerpt":{"rendered":"<p>Angaben gem\u00e4\u00df \u00a7 5 TMG: Neubert Consulting GmbH Theatherstra\u00dfe 33 90762 F\u00fcrth Kontakt: E-Mail: info[at]neubert-consulting.de Web: www.neubert-consulting.de Verantwortlich f\u00fcr den Inhalt nach \u00a7 55 Abs. 2 RStV: Neubert Consulting GmbH Theatherstra\u00dfe 33 90762 F\u00fcrth<\/p>\n","protected":false},"author":1,"featured_media":0,"parent":0,"menu_order":0,"comment_status":"closed","ping_status":"closed","template":"","meta":{"ngg_post_thumbnail":0},"_links":{"self":[{"href":"http:\/\/lochnersches-gartenhaus.de\/index.php?rest_route=\/wp\/v2\/pages\/9"}],"collection":[{"href":"http:\/\/lochnersches-gartenhaus.de\/index.php?rest_route=\/wp\/v2\/pages"}],"about":[{"href":"http:\/\/lochnersches-gartenhaus.de\/index.php?rest_route=\/wp\/v2\/types\/page"}],"author":[{"embeddable":true,"href":"http:\/\/lochnersches-gartenhaus.de\/index.php?rest_route=\/wp\/v2\/users\/1"}],"replies":[{"embeddable":true,"href":"http:\/\/lochnersches-gartenhaus.de\/index.php?rest_route=%2Fwp%2Fv2%2Fcomments&post=9"}],"version-history":[{"count":2,"href":"http:\/\/lochnersches-gartenhaus.de\/index.php?rest_route=\/wp\/v2\/pages\/9\/revisions"}],"predecessor-version":[{"id":89,"href":"http:\/\/lochnersches-gartenhaus.de\/index.php?rest_route=\/wp\/v2\/pages\/9\/revisions\/89"}],"wp:attachment":[{"href":"http:\/\/lochnersches-gartenhaus.de\/index.php?rest_route=%2Fwp%2Fv2%2Fmedia&parent=9"}],"curies":[{"name":"wp","href":"https:\/\/api.w.org\/{rel}","templated":true}]}}